{"id":6065,"date":"2014-04-08T07:02:34","date_gmt":"2014-04-08T07:02:34","guid":{"rendered":"https:\/\/material.vedicpandits.org\/?page_id=6065"},"modified":"2020-09-01T01:14:10","modified_gmt":"2020-09-01T01:14:10","slug":"home","status":"publish","type":"page","link":"https:\/\/material.vedicpandits.org\/da\/","title":{"rendered":"Home"},"content":{"rendered":"<div class=\"box-info\">\n<h3>Material  Resource  for  the  Global  Peace  Initiative<\/h3>\n<\/div>\n<p><img loading=\"lazy\" decoding=\"async\" src=\"https:\/\/material.vedicpandits.org\/wp-content\/uploads\/2017\/06\/header_for_home_page_material_site.jpg\" width=\"912\" height=\"280\" \/><\/p>\n<h5>INTRODUCTORY MATERIAL IN YOUR LANGUAGE<\/h5>\n<p>Choose your language below. You can download promotional material in many languages.<br \/>\nThe videos, PowerPoint presentations and Flyers are an introduction to the Global Peace Initiative and can be shown to Meditators, Sidhas and Governors.<\/p>\n<div class=\"grid-holder\">\n<div class=\"grid grid-desktop-50 grid-mobile-100\">\n<div class=\"holder button\"><a class=\"btn btn-large btn-full\" href=\" https:\/\/material.vedicpandits.org\/en\/english-material\/\"> English<\/a><\/div>\n<\/div>\n<div class=\"grid grid-desktop-50 grid-mobile-100\">\n<div class=\"holder button\"><a class=\"btn btn-large btn-full\" href=\" https:\/\/material.vedicpandits.org\/lt\/lithuanian-material\/\"> Lithuanian <\/a><\/div>\n<\/div>\n<\/div>\n<div class=\"grid-holder\">\n<div class=\"grid grid-desktop-50 grid-mobile-100\">\n<div class=\"holder button\"><a class=\"btn btn-large btn-full\" href=\" https:\/\/material.vedicpandits.org\/fr\/french-material\/\"> Fran\u00e7ais <\/a><\/div>\n<\/div>\n<div class=\"grid grid-desktop-50 grid-mobile-100\">\n<div class=\"holder button\"><a class=\"btn btn-large btn-full \" href=\" https:\/\/material.vedicpandits.org\/es\/spanish-material\/\"> Espa\u00f1ol <\/a><\/div>\n<\/div>\n<\/div>\n<div class=\"grid-holder\">\n<div class=\"grid grid-desktop-50 grid-mobile-100\">\n<div class=\"holder button\"><a class=\"btn btn-large btn-full\" href=\" https:\/\/material.vedicpandits.org\/nl\/dutch-material\/\"> Nederlands <\/a><\/div>\n<\/div>\n<div class=\"grid grid-desktop-50 grid-mobile-100\">\n<div class=\"holder button\"><a class=\"btn btn-large btn-full \" href=\" https:\/\/material.vedicpandits.org\/tr\/turkish-material\/\"> T\u00fcrk\u00e7e <\/a><\/div>\n<\/div>\n<\/div>\n<div class=\"grid-holder\">\n<div class=\"grid grid-desktop-50 grid-mobile-100\">\n<div class=\"holder button\"><a class=\"btn btn-large btn-full\" href=\" https:\/\/material.vedicpandits.org\/ru\/russian-material\/\">  p\u0443\u0441\u0441\u043a\u0438\u0439 <\/a><\/div>\n<\/div>\n<div class=\"grid grid-desktop-50 grid-mobile-100\">\n<div class=\"holder button\"><a class=\"btn btn-large btn-full \" href=\" https:\/\/material.vedicpandits.org\/it\/italian-material\/\"> Italian <\/a><\/div>\n<\/div>\n<\/div>\n<div class=\"grid-holder\">\n<div class=\"grid grid-desktop-50 grid-mobile-100\">\n<div class=\"holder button\"><a class=\"btn btn-large btn-full\" href=\" https:\/\/material.vedicpandits.org\/sv\/swedish-material\/\"> svenska <\/a><\/div>\n<\/div>\n<div class=\"grid grid-desktop-50 grid-mobile-100\">\n<div class=\"holder button\"><a class=\"btn btn-large btn-full \" href=\" https:\/\/material.vedicpandits.org\/he\/hebrew-material\/\"> Hebrew <\/a><\/div>\n<\/div>\n<\/div>\n<div class=\"grid-holder\">\n<div class=\"grid grid-desktop-50 grid-mobile-100\">\n<div class=\"holder button\"><a class=\"btn btn-large btn-full\" href=\" https:\/\/material.vedicpandits.org\/sr\/serbian-material\/\"> Serbian <\/a><\/div>\n<\/div>\n<div class=\"grid grid-desktop-50 grid-mobile-100\">\n<div class=\"holder button\"><a class=\"btn btn-large btn-full\" href=\" https:\/\/material.vedicpandits.org\/pt-pt\/portuguese-material\/\/\"> Portuguese <\/a><\/div>\n<\/div>\n<\/div>\n<div class=\"grid-holder\">\n<div class=\"grid grid-desktop-50 grid-mobile-100\">\n<div class=\"holder button\"><a class=\"btn btn-large btn-full\" href=\"  https:\/\/material.vedicpandits.org\/ja\/japanese-material\/\"> \u65e5\u672c\u8a9e <\/a><\/div>\n<\/div>\n<div class=\"grid grid-desktop-50 grid-mobile-100\">\n<div class=\"holder button\"><a class=\"btn btn-large btn-full \" href=\" https:\/\/material.vedicpandits.org\/nb\/norwegian-material\/\"> Norsk <\/a><\/div>\n<\/div>\n<\/div>\n<div class=\"grid-holder\">\n<div class=\"grid grid-desktop-50 grid-mobile-100\">\n<div class=\"holder button\"><a class=\"btn btn-large btn-full \" href=\" https:\/\/material.vedicpandits.org\/hr\/croatian-material\/\"> hrvatski <\/a><\/div>\n<\/div>\n<div class=\"grid grid-desktop-50 grid-mobile-100\">\n<div class=\"holder button\"><a class=\"btn btn-large btn-full\" href=\"  https:\/\/material.vedicpandits.org\/other-languages\/\">Hindi, Chinese, Mongolian, Greek, Thai <\/a><\/div>\n<\/div>\n<\/div>\n<div class=\"grid-holder\">\n<div class=\"grid grid-desktop-50 grid-mobile-100\">\n<div class=\"holder button\"><a class=\"btn btn-large btn-full\" href=\" https:\/\/material.vedicpandits.org\/da\/danish-material\/\"> Dansk <\/a><\/div>\n<\/div>\n<div class=\"grid grid-desktop-50 grid-mobile-100\">\n<div class=\"holder button\"><a class=\"btn btn-large btn-full\" href=\" https:\/\/material.vedicpandits.org\/de\/german-material\/\">DEUTSCH<\/a><\/div>\n<\/div>\n<\/div>\n<div class=\"box-info\">\nTo find out about supporting in any way, or becoming an Ambassador please email contact@vedicpandits.org.<\/p>\n<p>&#8216;Dharmo rakshati rakshitah\u2019 from Manu Smriti. Maharishi explained this as, &#8216;Dharma (right action, natural duty)<br \/> upholds him who upholds Dharma. He who cares for order, the order cares for him.&#8217;\n<\/div>\n","protected":false},"excerpt":{"rendered":"<p>Material Resource for the Global Peace Initiative INTRODUCTORY MATERIAL IN YOUR LANGUAGE Choose your language below. You can download promotional material in many languages. The videos, PowerPoint presentations and Flyers are an introduction to the Global Peace Initiative and can be shown to Meditators, Sidhas and Governors. English Lithuanian Fran\u00e7ais Espa\u00f1ol Nederlands T\u00fcrk\u00e7e p\u0443\u0441\u0441\u043a\u0438\u0439 Italian [&hellip;]<\/p>\n","protected":false},"author":3,"featured_media":0,"parent":0,"menu_order":0,"comment_status":"open","ping_status":"closed","template":"template-home.php","meta":{"footnotes":""},"class_list":["post-6065","page","type-page","status-publish","hentry"],"aioseo_notices":[],"_links":{"self":[{"href":"https:\/\/material.vedicpandits.org\/da\/wp-json\/wp\/v2\/pages\/6065","targetHints":{"allow":["GET"]}}],"collection":[{"href":"https:\/\/material.vedicpandits.org\/da\/wp-json\/wp\/v2\/pages"}],"about":[{"href":"https:\/\/material.vedicpandits.org\/da\/wp-json\/wp\/v2\/types\/page"}],"author":[{"embeddable":true,"href":"https:\/\/material.vedicpandits.org\/da\/wp-json\/wp\/v2\/users\/3"}],"replies":[{"embeddable":true,"href":"https:\/\/material.vedicpandits.org\/da\/wp-json\/wp\/v2\/comments?post=6065"}],"version-history":[{"count":16,"href":"https:\/\/material.vedicpandits.org\/da\/wp-json\/wp\/v2\/pages\/6065\/revisions"}],"predecessor-version":[{"id":12973,"href":"https:\/\/material.vedicpandits.org\/da\/wp-json\/wp\/v2\/pages\/6065\/revisions\/12973"}],"wp:attachment":[{"href":"https:\/\/material.vedicpandits.org\/da\/wp-json\/wp\/v2\/media?parent=6065"}],"curies":[{"name":"wp","href":"https:\/\/api.w.org\/{rel}","templated":true}]}}