{"id":980,"date":"2014-04-08T07:02:34","date_gmt":"2014-04-08T07:02:34","guid":{"rendered":"https:\/\/material.vedicpandits.org\/home-2\/"},"modified":"2020-08-31T22:18:10","modified_gmt":"2020-08-31T22:18:10","slug":"home","status":"publish","type":"page","link":"https:\/\/material.vedicpandits.org\/de\/","title":{"rendered":"Home"},"content":{"rendered":"<div class=\"box-info\">\n<h3>MATERIALSAMMLUNG F\u00dcR DIE GLOBALE FRIEDENSINITIATIVE<\/h3>\n<\/div>\n<p><img loading=\"lazy\" decoding=\"async\" src=\"https:\/\/material.vedicpandits.org\/wp-content\/uploads\/2017\/06\/header_for_home_page_material_site.jpg\" width=\"912\" height=\"280\" \/><\/p>\n<h5>EINF\u00dcHRENDES MATERIAL IN IHRER SPRACHE<\/h5>\n<p>Sie k\u00f6nnen das Werbematerial in vielen Sprachen herunterladen. Bitte w\u00e4hlen Sie Ihre Sprache unten aus.<br \/>\nDie Videos, PowerPoint-Pr\u00e4sentationen und Flyer sind eine Einf\u00fchrung in die Globale Friedensinitiative und k\u00f6nnen Meditierenden, Sidhas und TM-Lehrern gezeigt werden.<\/p>\n<div class=\"grid-holder\">\n<div class=\"grid grid-desktop-50 grid-mobile-100\">\n<div class=\"holder button\"><a class=\"btn btn-large btn-full\" href=\" https:\/\/material.vedicpandits.org\/en\/english-material\/\"> English<\/a><\/div>\n<\/div>\n<div class=\"grid grid-desktop-50 grid-mobile-100\">\n<div class=\"holder button\"><a class=\"btn btn-large btn-full\" href=\" https:\/\/material.vedicpandits.org\/de\/german-material\/\"> Deutsch <\/a><\/div>\n<\/div>\n<\/div>\n<div class=\"grid-holder\">\n<div class=\"grid grid-desktop-50 grid-mobile-100\">\n<div class=\"holder button\"><a class=\"btn btn-large btn-full\" href=\" https:\/\/material.vedicpandits.org\/fr\/french-material\/\"> Fran\u00e7ais <\/a><\/div>\n<\/div>\n<div class=\"grid grid-desktop-50 grid-mobile-100\">\n<div class=\"holder button\"><a class=\"btn btn-large btn-full \" href=\" https:\/\/material.vedicpandits.org\/es\/spanish-material\/\"> Espa\u00f1ol <\/a><\/div>\n<\/div>\n<\/div>\n<div class=\"grid-holder\">\n<div class=\"grid grid-desktop-50 grid-mobile-100\">\n<div class=\"holder button\"><a class=\"btn btn-large btn-full\" href=\" https:\/\/material.vedicpandits.org\/nl\/dutch-material\/\"> Nederlands <\/a><\/div>\n<\/div>\n<div class=\"grid grid-desktop-50 grid-mobile-100\">\n<div class=\"holder button\"><a class=\"btn btn-large btn-full \" href=\" https:\/\/material.vedicpandits.org\/tr\/turkish-material\/\"> T\u00fcrk\u00e7e <\/a><\/div>\n<\/div>\n<\/div>\n<div class=\"grid-holder\">\n<div class=\"grid grid-desktop-50 grid-mobile-100\">\n<div class=\"holder button\"><a class=\"btn btn-large btn-full\" href=\" https:\/\/material.vedicpandits.org\/ru\/russian-material\/\">  p\u0443\u0441\u0441\u043a\u0438\u0439 <\/a><\/div>\n<\/div>\n<div class=\"grid grid-desktop-50 grid-mobile-100\">\n<div class=\"holder button\"><a class=\"btn btn-large btn-full \" href=\" https:\/\/material.vedicpandits.org\/it\/italian-material\/\"> Italian <\/a><\/div>\n<\/div>\n<\/div>\n<div class=\"grid-holder\">\n<div class=\"grid grid-desktop-50 grid-mobile-100\">\n<div class=\"holder button\"><a class=\"btn btn-large btn-full\" href=\" https:\/\/material.vedicpandits.org\/sv\/swedish-material\/\"> svenska <\/a><\/div>\n<\/div>\n<div class=\"grid grid-desktop-50 grid-mobile-100\">\n<div class=\"holder button\"><a class=\"btn btn-large btn-full \" href=\" https:\/\/material.vedicpandits.org\/he\/hebrew-material\/\"> Hebrew <\/a><\/div>\n<\/div>\n<\/div>\n<div class=\"grid-holder\">\n<div class=\"grid grid-desktop-50 grid-mobile-100\">\n<div class=\"holder button\"><a class=\"btn btn-large btn-full\" href=\" https:\/\/material.vedicpandits.org\/sr\/serbian-material\/\"> Serbian <\/a><\/div>\n<\/div>\n<div class=\"grid grid-desktop-50 grid-mobile-100\">\n<div class=\"holder button\"><a class=\"btn btn-large btn-full\" href=\" https:\/\/material.vedicpandits.org\/pt-pt\/portuguese-material\/\/\"> Portuguese <\/a><\/div>\n<\/div>\n<\/div>\n<div class=\"grid-holder\">\n<div class=\"grid grid-desktop-50 grid-mobile-100\">\n<div class=\"holder button\"><a class=\"btn btn-large btn-full\" href=\"  https:\/\/material.vedicpandits.org\/ja\/japanese-material\/\"> \u65e5\u672c\u8a9e <\/a><\/div>\n<\/div>\n<div class=\"grid grid-desktop-50 grid-mobile-100\">\n<div class=\"holder button\"><a class=\"btn btn-large btn-full \" href=\" https:\/\/material.vedicpandits.org\/nb\/norwegian-material\/\"> Norsk <\/a><\/div>\n<\/div>\n<\/div>\n<div class=\"grid-holder\">\n<div class=\"grid grid-desktop-50 grid-mobile-100\">\n<div class=\"holder button\"><a class=\"btn btn-large btn-full \" href=\" https:\/\/material.vedicpandits.org\/hr\/croatian-material\/\"> hrvatski <\/a><\/div>\n<\/div>\n<div class=\"grid grid-desktop-50 grid-mobile-100\">\n<div class=\"holder button\"><a class=\"btn btn-large btn-full\" href=\"  https:\/\/material.vedicpandits.org\/other-languages\/\">Hindi, Chinese, Mongolian, Greek, Thai <\/a><\/div>\n<\/div>\n<\/div>\n<p><!--\n\n\n<div class=\"grid-holder\">\n\n\n<div class=\"grid grid-desktop-50 grid-mobile-100\">\n\n\n<div class=\"holder button\"><a class=\"btn btn-large btn-full\" href=\" https:\/\/material.vedicpandits.org\/he\/hebrew-material\/\"> Hebrew<\/a><\/div>\n\n\n<\/div>\n\n\n\n\n\n<div class=\"grid grid-desktop-50 grid-mobile-100\">\n\n\n<div class=\"holder button\"><a class=\"btn btn-large btn-full\" href=\" https:\/\/material.vedicpandits.org\/da\/danish-material\/\"> Dansk <\/a><\/div>\n\n\n<\/div>\n\n\n<\/div>\n\n--><\/p>\n<div class=\"box-info\">\nUm mehr dar\u00fcber zu erfahren, wie Sie die Initiative unterst\u00fctzen k\u00f6nnen, oder selbst ein Botschafter des Projektes werden m\u00f6chten, senden Sie uns bitte eine E-Mail an contact@vedicpandits.org.<\/p>\n<p>Maharishi zitierte gerne diese Lebensweisheit aus den Manu Smritis: \u2018Dharmo rakshati rakshitah\u2019. Maharishi \u00fcbersetzte es mit den folgenden Worten: \u201eDharma (richtiges Handeln, nat\u00fcrliche Pflicht) h\u00e4lt denjenigen aufrecht, der das Dharma aufrecht erh\u00e4lt. Wer sich um Ordnung k\u00fcmmert, f\u00fcr den sorgt die Ordnung.\u201c\n<\/p><\/div>\n","protected":false},"excerpt":{"rendered":"<p>MATERIALSAMMLUNG F\u00dcR DIE GLOBALE FRIEDENSINITIATIVE EINF\u00dcHRENDES MATERIAL IN IHRER SPRACHE Sie k\u00f6nnen das Werbematerial in vielen Sprachen herunterladen. Bitte w\u00e4hlen Sie Ihre Sprache unten aus. Die Videos, PowerPoint-Pr\u00e4sentationen und Flyer sind eine Einf\u00fchrung in die Globale Friedensinitiative und k\u00f6nnen Meditierenden, Sidhas und TM-Lehrern gezeigt werden. English Deutsch Fran\u00e7ais Espa\u00f1ol Nederlands T\u00fcrk\u00e7e p\u0443\u0441\u0441\u043a\u0438\u0439 Italian svenska Hebrew [&hellip;]<\/p>\n","protected":false},"author":3,"featured_media":0,"parent":0,"menu_order":0,"comment_status":"open","ping_status":"closed","template":"template-home.php","meta":{"footnotes":""},"class_list":["post-980","page","type-page","status-publish","hentry"],"aioseo_notices":[],"_links":{"self":[{"href":"https:\/\/material.vedicpandits.org\/de\/wp-json\/wp\/v2\/pages\/980","targetHints":{"allow":["GET"]}}],"collection":[{"href":"https:\/\/material.vedicpandits.org\/de\/wp-json\/wp\/v2\/pages"}],"about":[{"href":"https:\/\/material.vedicpandits.org\/de\/wp-json\/wp\/v2\/types\/page"}],"author":[{"embeddable":true,"href":"https:\/\/material.vedicpandits.org\/de\/wp-json\/wp\/v2\/users\/3"}],"replies":[{"embeddable":true,"href":"https:\/\/material.vedicpandits.org\/de\/wp-json\/wp\/v2\/comments?post=980"}],"version-history":[{"count":50,"href":"https:\/\/material.vedicpandits.org\/de\/wp-json\/wp\/v2\/pages\/980\/revisions"}],"predecessor-version":[{"id":12964,"href":"https:\/\/material.vedicpandits.org\/de\/wp-json\/wp\/v2\/pages\/980\/revisions\/12964"}],"wp:attachment":[{"href":"https:\/\/material.vedicpandits.org\/de\/wp-json\/wp\/v2\/media?parent=980"}],"curies":[{"name":"wp","href":"https:\/\/api.w.org\/{rel}","templated":true}]}}