{"id":4041,"date":"2014-04-08T07:02:34","date_gmt":"2014-04-08T07:02:34","guid":{"rendered":"https:\/\/material.vedicpandits.org\/?page_id=4041"},"modified":"2020-08-31T22:30:09","modified_gmt":"2020-08-31T22:30:09","slug":"home","status":"publish","type":"page","link":"https:\/\/material.vedicpandits.org\/it\/","title":{"rendered":"Home"},"content":{"rendered":"<div class=\"box-info\">\n<h3>INIZIATIVA PER LA PACE GLOBALE \u2013 DOCUMENTAZIONE UTILE<\/h3>\n<\/div>\n<p><img loading=\"lazy\" decoding=\"async\" src=\"https:\/\/material.vedicpandits.org\/wp-content\/uploads\/2017\/06\/header_for_home_page_material_site.jpg\" width=\"912\" height=\"280\" \/><\/p>\n<h5>MATERIALE IN ITALIANO PER UNA PRESENTAZIONE INTRODUTTIVA<\/h5>\n<p>Clicca sul pulsante \u2018ITALIANO\u2019 (qui in basso nella colonna a destra) per visualizzare, scaricare o stampare materiale tradotto, disponibile per una presentazione a Meditanti, Sidha e Governatori.<\/p>\n<div class=\"grid-holder\">\n<div class=\"grid grid-desktop-50 grid-mobile-100\">\n<div class=\"holder button\"><a class=\"btn btn-large btn-full\" href=\" https:\/\/material.vedicpandits.org\/en\/english-material\/\"> English<\/a><\/div>\n<\/div>\n<div class=\"grid grid-desktop-50 grid-mobile-100\">\n<div class=\"holder button\"><a class=\"btn btn-large btn-full\" href=\" https:\/\/material.vedicpandits.org\/lt\/lithuanian-material\/\"> Lithuanian <\/a><\/div>\n<\/div>\n<\/div>\n<div class=\"grid-holder\">\n<div class=\"grid grid-desktop-50 grid-mobile-100\">\n<div class=\"holder button\"><a class=\"btn btn-large btn-full\" href=\" https:\/\/material.vedicpandits.org\/fr\/french-material\/\"> Fran\u00e7ais <\/a><\/div>\n<\/div>\n<div class=\"grid grid-desktop-50 grid-mobile-100\">\n<div class=\"holder button\"><a class=\"btn btn-large btn-full \" href=\" https:\/\/material.vedicpandits.org\/es\/spanish-material\/\"> Espa\u00f1ol <\/a><\/div>\n<\/div>\n<\/div>\n<div class=\"grid-holder\">\n<div class=\"grid grid-desktop-50 grid-mobile-100\">\n<div class=\"holder button\"><a class=\"btn btn-large btn-full\" href=\" https:\/\/material.vedicpandits.org\/nl\/dutch-material\/\"> Nederlands <\/a><\/div>\n<\/div>\n<div class=\"grid grid-desktop-50 grid-mobile-100\">\n<div class=\"holder button\"><a class=\"btn btn-large btn-full \" href=\" https:\/\/material.vedicpandits.org\/tr\/turkish-material\/\"> T\u00fcrk\u00e7e <\/a><\/div>\n<\/div>\n<\/div>\n<div class=\"grid-holder\">\n<div class=\"grid grid-desktop-50 grid-mobile-100\">\n<div class=\"holder button\"><a class=\"btn btn-large btn-full\" href=\" https:\/\/material.vedicpandits.org\/ru\/russian-material\/\">  p\u0443\u0441\u0441\u043a\u0438\u0439 <\/a><\/div>\n<\/div>\n<div class=\"grid grid-desktop-50 grid-mobile-100\">\n<div class=\"holder button\"><a class=\"btn btn-large btn-full \" href=\" https:\/\/material.vedicpandits.org\/it\/italian-material\/\"> Italian <\/a><\/div>\n<\/div>\n<\/div>\n<div class=\"grid-holder\">\n<div class=\"grid grid-desktop-50 grid-mobile-100\">\n<div class=\"holder button\"><a class=\"btn btn-large btn-full\" href=\" https:\/\/material.vedicpandits.org\/sv\/swedish-material\/\"> svenska <\/a><\/div>\n<\/div>\n<div class=\"grid grid-desktop-50 grid-mobile-100\">\n<div class=\"holder button\"><a class=\"btn btn-large btn-full \" href=\" https:\/\/material.vedicpandits.org\/he\/hebrew-material\/\"> Hebrew <\/a><\/div>\n<\/div>\n<\/div>\n<div class=\"grid-holder\">\n<div class=\"grid grid-desktop-50 grid-mobile-100\">\n<div class=\"holder button\"><a class=\"btn btn-large btn-full\" href=\" https:\/\/material.vedicpandits.org\/sr\/serbian-material\/\"> Serbian <\/a><\/div>\n<\/div>\n<div class=\"grid grid-desktop-50 grid-mobile-100\">\n<div class=\"holder button\"><a class=\"btn btn-large btn-full\" href=\" https:\/\/material.vedicpandits.org\/pt-pt\/portuguese-material\/\/\"> Portuguese <\/a><\/div>\n<\/div>\n<\/div>\n<div class=\"grid-holder\">\n<div class=\"grid grid-desktop-50 grid-mobile-100\">\n<div class=\"holder button\"><a class=\"btn btn-large btn-full\" href=\"  https:\/\/material.vedicpandits.org\/ja\/japanese-material\/\"> \u65e5\u672c\u8a9e <\/a><\/div>\n<\/div>\n<div class=\"grid grid-desktop-50 grid-mobile-100\">\n<div class=\"holder button\"><a class=\"btn btn-large btn-full \" href=\" https:\/\/material.vedicpandits.org\/nb\/norwegian-material\/\"> Norsk <\/a><\/div>\n<\/div>\n<\/div>\n<div class=\"grid-holder\">\n<div class=\"grid grid-desktop-50 grid-mobile-100\">\n<div class=\"holder button\"><a class=\"btn btn-large btn-full \" href=\" https:\/\/material.vedicpandits.org\/hr\/croatian-material\/\"> hrvatski <\/a><\/div>\n<\/div>\n<div class=\"grid grid-desktop-50 grid-mobile-100\">\n<div class=\"holder button\"><a class=\"btn btn-large btn-full\" href=\"  https:\/\/material.vedicpandits.org\/other-languages\/\">Hindi, Chinese, Mongolian, Greek, Thai <\/a><\/div>\n<\/div>\n<\/div>\n<div class=\"grid-holder\">\n<div class=\"grid grid-desktop-50 grid-mobile-100\">\n<div class=\"holder button\"><a class=\"btn btn-large btn-full\" href=\" https:\/\/material.vedicpandits.org\/da\/danish-material\/\"> Dansk <\/a><\/div>\n<\/div>\n<div class=\"grid grid-desktop-50 grid-mobile-100\">\n<div class=\"holder button\"><a class=\"btn btn-large btn-full\" href=\" https:\/\/material.vedicpandits.org\/de\/german-material\/\">DEUTSCH<\/a><\/div>\n<\/div>\n<\/div>\n<div class=\"box-info\">\nPer scoprire come sostenere l\u2019Iniziativa o come diventare Ambasciatore, scrivi al seguente indirizzo: paceglobale@amtm.eu<\/p>\n<p>Maharishi amava ricordare l\u2019eterna saggezza della vita contenuta nella Manu Smriti: \u201cDharmo rakshati rakshitah\u201d, che spiegava in questo modo: \u201cIl dharma (la giusta azione, il dovere naturale) sostiene colui che sostiene il dharma. Chi si prende cura dell\u2019ordine viene sostenuto dall\u2019ordine\u201d.<\/p>\n<\/div>\n","protected":false},"excerpt":{"rendered":"<p>INIZIATIVA PER LA PACE GLOBALE \u2013 DOCUMENTAZIONE UTILE MATERIALE IN ITALIANO PER UNA PRESENTAZIONE INTRODUTTIVA Clicca sul pulsante \u2018ITALIANO\u2019 (qui in basso nella colonna a destra) per visualizzare, scaricare o stampare materiale tradotto, disponibile per una presentazione a Meditanti, Sidha e Governatori. English Lithuanian Fran\u00e7ais Espa\u00f1ol Nederlands T\u00fcrk\u00e7e p\u0443\u0441\u0441\u043a\u0438\u0439 Italian svenska Hebrew Serbian Portuguese \u65e5\u672c\u8a9e [&hellip;]<\/p>\n","protected":false},"author":3,"featured_media":0,"parent":0,"menu_order":0,"comment_status":"open","ping_status":"closed","template":"template-home.php","meta":{"footnotes":""},"class_list":["post-4041","page","type-page","status-publish","hentry"],"aioseo_notices":[],"_links":{"self":[{"href":"https:\/\/material.vedicpandits.org\/it\/wp-json\/wp\/v2\/pages\/4041","targetHints":{"allow":["GET"]}}],"collection":[{"href":"https:\/\/material.vedicpandits.org\/it\/wp-json\/wp\/v2\/pages"}],"about":[{"href":"https:\/\/material.vedicpandits.org\/it\/wp-json\/wp\/v2\/types\/page"}],"author":[{"embeddable":true,"href":"https:\/\/material.vedicpandits.org\/it\/wp-json\/wp\/v2\/users\/3"}],"replies":[{"embeddable":true,"href":"https:\/\/material.vedicpandits.org\/it\/wp-json\/wp\/v2\/comments?post=4041"}],"version-history":[{"count":25,"href":"https:\/\/material.vedicpandits.org\/it\/wp-json\/wp\/v2\/pages\/4041\/revisions"}],"predecessor-version":[{"id":12972,"href":"https:\/\/material.vedicpandits.org\/it\/wp-json\/wp\/v2\/pages\/4041\/revisions\/12972"}],"wp:attachment":[{"href":"https:\/\/material.vedicpandits.org\/it\/wp-json\/wp\/v2\/media?parent=4041"}],"curies":[{"name":"wp","href":"https:\/\/api.w.org\/{rel}","templated":true}]}}