{"id":3294,"date":"2014-04-08T07:02:34","date_gmt":"2014-04-08T07:02:34","guid":{"rendered":"https:\/\/material.vedicpandits.org\/?page_id=3294"},"modified":"2020-09-01T01:15:09","modified_gmt":"2020-09-01T01:15:09","slug":"home","status":"publish","type":"page","link":"https:\/\/material.vedicpandits.org\/nl\/","title":{"rendered":"Home"},"content":{"rendered":"<div class=\"box-info\">\n<h3>ONDERSTEUNEND MATERIAAL VOOR HET INITIATIEF VOOR WERELDVREDE <\/h3>\n<\/div>\n<p><img loading=\"lazy\" decoding=\"async\" src=\"https:\/\/material.vedicpandits.org\/wp-content\/uploads\/2017\/06\/header_for_home_page_material_site.jpg\" width=\"912\" height=\"280\" \/><\/p>\n<h5>INLEIDEND MATERIAAL IN UW TAAL<\/h5>\n<p>Kies hieronder uw taal. U kunt promotiemateriaal downloaden in verschillende talen. De video opnamen, PowerPoint voorstellingen en flyers zijn bedoeld om het Initiatief voor Wereldvrede voor te stellen aan mediterenden, sidha\u2019s en leraren. <\/p>\n<div class=\"grid-holder\">\n<div class=\"grid grid-desktop-50 grid-mobile-100\">\n<div class=\"holder button\"><a class=\"btn btn-large btn-full\" href=\" https:\/\/material.vedicpandits.org\/en\/english-material\/\"> English<\/a><\/div>\n<\/div>\n<div class=\"grid grid-desktop-50 grid-mobile-100\">\n<div class=\"holder button\"><a class=\"btn btn-large btn-full\" href=\" https:\/\/material.vedicpandits.org\/lt\/lithuanian-material\/\"> Lithuanian <\/a><\/div>\n<\/div>\n<\/div>\n<div class=\"grid-holder\">\n<div class=\"grid grid-desktop-50 grid-mobile-100\">\n<div class=\"holder button\"><a class=\"btn btn-large btn-full\" href=\" https:\/\/material.vedicpandits.org\/fr\/french-material\/\"> Fran\u00e7ais <\/a><\/div>\n<\/div>\n<div class=\"grid grid-desktop-50 grid-mobile-100\">\n<div class=\"holder button\"><a class=\"btn btn-large btn-full \" href=\" https:\/\/material.vedicpandits.org\/es\/spanish-material\/\"> Espa\u00f1ol <\/a><\/div>\n<\/div>\n<\/div>\n<div class=\"grid-holder\">\n<div class=\"grid grid-desktop-50 grid-mobile-100\">\n<div class=\"holder button\"><a class=\"btn btn-large btn-full\" href=\" https:\/\/material.vedicpandits.org\/nl\/dutch-material\/\"> Nederlands <\/a><\/div>\n<\/div>\n<div class=\"grid grid-desktop-50 grid-mobile-100\">\n<div class=\"holder button\"><a class=\"btn btn-large btn-full \" href=\" https:\/\/material.vedicpandits.org\/tr\/turkish-material\/\"> T\u00fcrk\u00e7e <\/a><\/div>\n<\/div>\n<\/div>\n<div class=\"grid-holder\">\n<div class=\"grid grid-desktop-50 grid-mobile-100\">\n<div class=\"holder button\"><a class=\"btn btn-large btn-full\" href=\" https:\/\/material.vedicpandits.org\/ru\/russian-material\/\">  p\u0443\u0441\u0441\u043a\u0438\u0439 <\/a><\/div>\n<\/div>\n<div class=\"grid grid-desktop-50 grid-mobile-100\">\n<div class=\"holder button\"><a class=\"btn btn-large btn-full \" href=\" https:\/\/material.vedicpandits.org\/it\/italian-material\/\"> Italian <\/a><\/div>\n<\/div>\n<\/div>\n<div class=\"grid-holder\">\n<div class=\"grid grid-desktop-50 grid-mobile-100\">\n<div class=\"holder button\"><a class=\"btn btn-large btn-full\" href=\" https:\/\/material.vedicpandits.org\/sv\/swedish-material\/\"> svenska <\/a><\/div>\n<\/div>\n<div class=\"grid grid-desktop-50 grid-mobile-100\">\n<div class=\"holder button\"><a class=\"btn btn-large btn-full \" href=\" https:\/\/material.vedicpandits.org\/he\/hebrew-material\/\"> Hebrew <\/a><\/div>\n<\/div>\n<\/div>\n<div class=\"grid-holder\">\n<div class=\"grid grid-desktop-50 grid-mobile-100\">\n<div class=\"holder button\"><a class=\"btn btn-large btn-full\" href=\" https:\/\/material.vedicpandits.org\/sr\/serbian-material\/\"> Serbian <\/a><\/div>\n<\/div>\n<div class=\"grid grid-desktop-50 grid-mobile-100\">\n<div class=\"holder button\"><a class=\"btn btn-large btn-full\" href=\" https:\/\/material.vedicpandits.org\/pt-pt\/portuguese-material\/\/\"> Portuguese <\/a><\/div>\n<\/div>\n<\/div>\n<div class=\"grid-holder\">\n<div class=\"grid grid-desktop-50 grid-mobile-100\">\n<div class=\"holder button\"><a class=\"btn btn-large btn-full\" href=\"  https:\/\/material.vedicpandits.org\/ja\/japanese-material\/\"> \u65e5\u672c\u8a9e <\/a><\/div>\n<\/div>\n<div class=\"grid grid-desktop-50 grid-mobile-100\">\n<div class=\"holder button\"><a class=\"btn btn-large btn-full \" href=\" https:\/\/material.vedicpandits.org\/nb\/norwegian-material\/\"> Norsk <\/a><\/div>\n<\/div>\n<\/div>\n<div class=\"grid-holder\">\n<div class=\"grid grid-desktop-50 grid-mobile-100\">\n<div class=\"holder button\"><a class=\"btn btn-large btn-full \" href=\" https:\/\/material.vedicpandits.org\/hr\/croatian-material\/\"> hrvatski <\/a><\/div>\n<\/div>\n<div class=\"grid grid-desktop-50 grid-mobile-100\">\n<div class=\"holder button\"><a class=\"btn btn-large btn-full\" href=\"  https:\/\/material.vedicpandits.org\/other-languages\/\">Hindi, Chinese, Mongolian, Greek, Thai <\/a><\/div>\n<\/div>\n<\/div>\n<div class=\"grid-holder\">\n<div class=\"grid grid-desktop-50 grid-mobile-100\">\n<div class=\"holder button\"><a class=\"btn btn-large btn-full\" href=\" https:\/\/material.vedicpandits.org\/da\/danish-material\/\"> Dansk <\/a><\/div>\n<\/div>\n<div class=\"grid grid-desktop-50 grid-mobile-100\">\n<div class=\"holder button\"><a class=\"btn btn-large btn-full\" href=\" https:\/\/material.vedicpandits.org\/de\/german-material\/\">DEUTSCH<\/a><\/div>\n<\/div>\n<\/div>\n<div class=\"box-info\">\nOm meer te weten over het ondersteunen van het project of om ambassadeur te worden kunt u een email sturen naar contact@vedicpandits.org.<br \/>\n<br \/>\nMaharishi hield ervan om deze eeuwige wijsheid van het leven te citeren:  \u2018Dharmo rakshati rakshitah\u2019 van de Manu Smriti. Maharishi legde dit uit als: \u2018Dharma (juist handelen, natuurlijke plicht) handhaaft diegene die Dharma handhaaft. Hij die voor orde zorgt, krijgt orde terug.<\/p>\n<\/div>\n","protected":false},"excerpt":{"rendered":"<p>ONDERSTEUNEND MATERIAAL VOOR HET INITIATIEF VOOR WERELDVREDE INLEIDEND MATERIAAL IN UW TAAL Kies hieronder uw taal. U kunt promotiemateriaal downloaden in verschillende talen. De video opnamen, PowerPoint voorstellingen en flyers zijn bedoeld om het Initiatief voor Wereldvrede voor te stellen aan mediterenden, sidha\u2019s en leraren. English Lithuanian Fran\u00e7ais Espa\u00f1ol Nederlands T\u00fcrk\u00e7e p\u0443\u0441\u0441\u043a\u0438\u0439 Italian svenska Hebrew [&hellip;]<\/p>\n","protected":false},"author":3,"featured_media":0,"parent":0,"menu_order":0,"comment_status":"open","ping_status":"closed","template":"template-home.php","meta":{"footnotes":""},"class_list":["post-3294","page","type-page","status-publish","hentry"],"aioseo_notices":[],"_links":{"self":[{"href":"https:\/\/material.vedicpandits.org\/nl\/wp-json\/wp\/v2\/pages\/3294","targetHints":{"allow":["GET"]}}],"collection":[{"href":"https:\/\/material.vedicpandits.org\/nl\/wp-json\/wp\/v2\/pages"}],"about":[{"href":"https:\/\/material.vedicpandits.org\/nl\/wp-json\/wp\/v2\/types\/page"}],"author":[{"embeddable":true,"href":"https:\/\/material.vedicpandits.org\/nl\/wp-json\/wp\/v2\/users\/3"}],"replies":[{"embeddable":true,"href":"https:\/\/material.vedicpandits.org\/nl\/wp-json\/wp\/v2\/comments?post=3294"}],"version-history":[{"count":25,"href":"https:\/\/material.vedicpandits.org\/nl\/wp-json\/wp\/v2\/pages\/3294\/revisions"}],"predecessor-version":[{"id":12974,"href":"https:\/\/material.vedicpandits.org\/nl\/wp-json\/wp\/v2\/pages\/3294\/revisions\/12974"}],"wp:attachment":[{"href":"https:\/\/material.vedicpandits.org\/nl\/wp-json\/wp\/v2\/media?parent=3294"}],"curies":[{"name":"wp","href":"https:\/\/api.w.org\/{rel}","templated":true}]}}