{"id":4605,"date":"2014-04-08T07:02:34","date_gmt":"2014-04-08T07:02:34","guid":{"rendered":"https:\/\/material.vedicpandits.org\/?page_id=4605"},"modified":"2020-09-01T01:22:03","modified_gmt":"2020-09-01T01:22:03","slug":"home","status":"publish","type":"page","link":"https:\/\/material.vedicpandits.org\/sr\/","title":{"rendered":"Home"},"content":{"rendered":"<div class=\"box-info\">\n<h3>STRANICA SA MATERIJALIMA O INICIJATIVI ZA SVETSKI MIR<\/h3>\n<\/div>\n<p><img loading=\"lazy\" decoding=\"async\" src=\"https:\/\/material.vedicpandits.org\/wp-content\/uploads\/2017\/06\/header_for_home_page_material_site.jpg\" width=\"912\" height=\"280\" \/><\/p>\n<h5>UVODNI MATERIJAL NA VA\u0160EM JEZIKU<\/h5>\n<p>Izaberite svoj jezik. Mo\u017eete da preuzmete materijal za predstavljanje na vi\u0161e jezika.<br \/>\nVideo snimci, Power point prezentacije i flajeri slu\u017ee za upoznavanje sa Inicijativom za Svetski Mir i mo\u017eete ih prikazati meditantima, sidhama i u\u010diteljima.<\/p>\n<div class=\"grid-holder\">\n<div class=\"grid grid-desktop-50 grid-mobile-100\">\n<div class=\"holder button\"><a class=\"btn btn-large btn-full\" href=\" https:\/\/material.vedicpandits.org\/en\/english-material\/\"> English<\/a><\/div>\n<\/div>\n<div class=\"grid grid-desktop-50 grid-mobile-100\">\n<div class=\"holder button\"><a class=\"btn btn-large btn-full\" href=\" https:\/\/material.vedicpandits.org\/lt\/lithuanian-material\/\"> Lithuanian <\/a><\/div>\n<\/div>\n<\/div>\n<div class=\"grid-holder\">\n<div class=\"grid grid-desktop-50 grid-mobile-100\">\n<div class=\"holder button\"><a class=\"btn btn-large btn-full\" href=\" https:\/\/material.vedicpandits.org\/fr\/french-material\/\"> Fran\u00e7ais <\/a><\/div>\n<\/div>\n<div class=\"grid grid-desktop-50 grid-mobile-100\">\n<div class=\"holder button\"><a class=\"btn btn-large btn-full \" href=\" https:\/\/material.vedicpandits.org\/es\/spanish-material\/\"> Espa\u00f1ol <\/a><\/div>\n<\/div>\n<\/div>\n<div class=\"grid-holder\">\n<div class=\"grid grid-desktop-50 grid-mobile-100\">\n<div class=\"holder button\"><a class=\"btn btn-large btn-full\" href=\" https:\/\/material.vedicpandits.org\/nl\/dutch-material\/\"> Nederlands <\/a><\/div>\n<\/div>\n<div class=\"grid grid-desktop-50 grid-mobile-100\">\n<div class=\"holder button\"><a class=\"btn btn-large btn-full \" href=\" https:\/\/material.vedicpandits.org\/tr\/turkish-material\/\"> T\u00fcrk\u00e7e <\/a><\/div>\n<\/div>\n<\/div>\n<div class=\"grid-holder\">\n<div class=\"grid grid-desktop-50 grid-mobile-100\">\n<div class=\"holder button\"><a class=\"btn btn-large btn-full\" href=\" https:\/\/material.vedicpandits.org\/ru\/russian-material\/\">  p\u0443\u0441\u0441\u043a\u0438\u0439 <\/a><\/div>\n<\/div>\n<div class=\"grid grid-desktop-50 grid-mobile-100\">\n<div class=\"holder button\"><a class=\"btn btn-large btn-full \" href=\" https:\/\/material.vedicpandits.org\/it\/italian-material\/\"> Italian <\/a><\/div>\n<\/div>\n<\/div>\n<div class=\"grid-holder\">\n<div class=\"grid grid-desktop-50 grid-mobile-100\">\n<div class=\"holder button\"><a class=\"btn btn-large btn-full\" href=\" https:\/\/material.vedicpandits.org\/sv\/swedish-material\/\"> svenska <\/a><\/div>\n<\/div>\n<div class=\"grid grid-desktop-50 grid-mobile-100\">\n<div class=\"holder button\"><a class=\"btn btn-large btn-full \" href=\" https:\/\/material.vedicpandits.org\/he\/hebrew-material\/\"> Hebrew <\/a><\/div>\n<\/div>\n<\/div>\n<div class=\"grid-holder\">\n<div class=\"grid grid-desktop-50 grid-mobile-100\">\n<div class=\"holder button\"><a class=\"btn btn-large btn-full\" href=\" https:\/\/material.vedicpandits.org\/sr\/serbian-material\/\"> Serbian <\/a><\/div>\n<\/div>\n<div class=\"grid grid-desktop-50 grid-mobile-100\">\n<div class=\"holder button\"><a class=\"btn btn-large btn-full\" href=\" https:\/\/material.vedicpandits.org\/pt-pt\/portuguese-material\/\/\"> Portuguese <\/a><\/div>\n<\/div>\n<\/div>\n<div class=\"grid-holder\">\n<div class=\"grid grid-desktop-50 grid-mobile-100\">\n<div class=\"holder button\"><a class=\"btn btn-large btn-full\" href=\"  https:\/\/material.vedicpandits.org\/ja\/japanese-material\/\"> \u65e5\u672c\u8a9e <\/a><\/div>\n<\/div>\n<div class=\"grid grid-desktop-50 grid-mobile-100\">\n<div class=\"holder button\"><a class=\"btn btn-large btn-full \" href=\" https:\/\/material.vedicpandits.org\/nb\/norwegian-material\/\"> Norsk <\/a><\/div>\n<\/div>\n<\/div>\n<div class=\"grid-holder\">\n<div class=\"grid grid-desktop-50 grid-mobile-100\">\n<div class=\"holder button\"><a class=\"btn btn-large btn-full \" href=\" https:\/\/material.vedicpandits.org\/hr\/croatian-material\/\"> hrvatski <\/a><\/div>\n<\/div>\n<div class=\"grid grid-desktop-50 grid-mobile-100\">\n<div class=\"holder button\"><a class=\"btn btn-large btn-full\" href=\"  https:\/\/material.vedicpandits.org\/other-languages\/\">Hindi, Chinese, Mongolian, Greek, Thai <\/a><\/div>\n<\/div>\n<\/div>\n<div class=\"grid-holder\">\n<div class=\"grid grid-desktop-50 grid-mobile-100\">\n<div class=\"holder button\"><a class=\"btn btn-large btn-full\" href=\" https:\/\/material.vedicpandits.org\/da\/danish-material\/\"> Dansk <\/a><\/div>\n<\/div>\n<div class=\"grid grid-desktop-50 grid-mobile-100\">\n<div class=\"holder button\"><a class=\"btn btn-large btn-full\" href=\" https:\/\/material.vedicpandits.org\/de\/german-material\/\">DEUTSCH<\/a><\/div>\n<\/div>\n<\/div>\n<div class=\"box-info\">\nAko \u017eelite da saznate kako sve mo\u017eete da podr\u017eite projekat ili da postanete Ambasador javite nam se na adresu contact@vedicpandits.org.<\/p>\n<p>Mahari\u0161i je voleo da citira ovu ve\u010dnu mudrost \u017eivota: \u2018Dharmo rak\u0161ati rak\u0161itah\u2019 iz Manu Smriti. To je objasnio ovako: \u2018Dharma (ispravno delovanje, prirodna du\u017enost) podr\u017eava onoga ko podr\u017eava Dharmu. Ko vodi ra\u010duna o redu, red se brine o njemu.\u2019\n<\/p><\/div>\n","protected":false},"excerpt":{"rendered":"<p>STRANICA SA MATERIJALIMA O INICIJATIVI ZA SVETSKI MIR UVODNI MATERIJAL NA VA\u0160EM JEZIKU Izaberite svoj jezik. Mo\u017eete da preuzmete materijal za predstavljanje na vi\u0161e jezika. Video snimci, Power point prezentacije i flajeri slu\u017ee za upoznavanje sa Inicijativom za Svetski Mir i mo\u017eete ih prikazati meditantima, sidhama i u\u010diteljima. English Lithuanian Fran\u00e7ais Espa\u00f1ol Nederlands T\u00fcrk\u00e7e p\u0443\u0441\u0441\u043a\u0438\u0439 [&hellip;]<\/p>\n","protected":false},"author":3,"featured_media":0,"parent":0,"menu_order":0,"comment_status":"open","ping_status":"closed","template":"template-home.php","meta":{"footnotes":""},"class_list":["post-4605","page","type-page","status-publish","hentry"],"aioseo_notices":[],"_links":{"self":[{"href":"https:\/\/material.vedicpandits.org\/sr\/wp-json\/wp\/v2\/pages\/4605","targetHints":{"allow":["GET"]}}],"collection":[{"href":"https:\/\/material.vedicpandits.org\/sr\/wp-json\/wp\/v2\/pages"}],"about":[{"href":"https:\/\/material.vedicpandits.org\/sr\/wp-json\/wp\/v2\/types\/page"}],"author":[{"embeddable":true,"href":"https:\/\/material.vedicpandits.org\/sr\/wp-json\/wp\/v2\/users\/3"}],"replies":[{"embeddable":true,"href":"https:\/\/material.vedicpandits.org\/sr\/wp-json\/wp\/v2\/comments?post=4605"}],"version-history":[{"count":22,"href":"https:\/\/material.vedicpandits.org\/sr\/wp-json\/wp\/v2\/pages\/4605\/revisions"}],"predecessor-version":[{"id":12980,"href":"https:\/\/material.vedicpandits.org\/sr\/wp-json\/wp\/v2\/pages\/4605\/revisions\/12980"}],"wp:attachment":[{"href":"https:\/\/material.vedicpandits.org\/sr\/wp-json\/wp\/v2\/media?parent=4605"}],"curies":[{"name":"wp","href":"https:\/\/api.w.org\/{rel}","templated":true}]}}