{"id":3307,"date":"2014-04-08T07:02:34","date_gmt":"2014-04-08T07:02:34","guid":{"rendered":"https:\/\/material.vedicpandits.org\/?page_id=3307"},"modified":"2020-09-01T01:23:07","modified_gmt":"2020-09-01T01:23:07","slug":"home","status":"publish","type":"page","link":"https:\/\/material.vedicpandits.org\/tr\/","title":{"rendered":"Home"},"content":{"rendered":"<div class=\"box-info\">\n<h3>K\u00dcRESEL BARI\u015e G\u0130R\u0130\u015e\u0130M\u0130 \u0130LE \u0130LG\u0130L\u0130 B\u0130LG\u0130LER<\/h3>\n<\/div>\n<p><img loading=\"lazy\" decoding=\"async\" src=\"https:\/\/material.vedicpandits.org\/wp-content\/uploads\/2017\/06\/header_for_home_page_material_site.jpg\" width=\"912\" height=\"280\" \/><\/p>\n<h5>T\u00dcRK\u00c7E TANITIM DOSYALARI<\/h5>\n<p>T\u00fcrk\u00e7e i\u00e7in a\u015fa\u011f\u0131daki ba\u011flant\u0131dan se\u00e7iniz. Bilgi i\u00e7erikli dosyalar pek \u00e7ok farkl\u0131 dillerde mevcuttur.<br \/>\nVideolar, PowerPoint sunumlar ve Bro\u015f\u00fcrler, K\u00fcresel  Bar\u0131\u015f Giri\u015fimini tan\u0131t\u0131m niteli\u011findedir ve Meditat\u00f6r, Sidha ve \u00d6\u011fretmenlerle payla\u015f\u0131labilir.<\/p>\n<div class=\"grid-holder\">\n<div class=\"grid grid-desktop-50 grid-mobile-100\">\n<div class=\"holder button\"><a class=\"btn btn-large btn-full\" href=\" https:\/\/material.vedicpandits.org\/en\/english-material\/\"> English<\/a><\/div>\n<\/div>\n<div class=\"grid grid-desktop-50 grid-mobile-100\">\n<div class=\"holder button\"><a class=\"btn btn-large btn-full\" href=\" https:\/\/material.vedicpandits.org\/lt\/lithuanian-material\/\"> Lithuanian <\/a><\/div>\n<\/div>\n<\/div>\n<div class=\"grid-holder\">\n<div class=\"grid grid-desktop-50 grid-mobile-100\">\n<div class=\"holder button\"><a class=\"btn btn-large btn-full\" href=\" https:\/\/material.vedicpandits.org\/fr\/french-material\/\"> Fran\u00e7ais <\/a><\/div>\n<\/div>\n<div class=\"grid grid-desktop-50 grid-mobile-100\">\n<div class=\"holder button\"><a class=\"btn btn-large btn-full \" href=\" https:\/\/material.vedicpandits.org\/es\/spanish-material\/\"> Espa\u00f1ol <\/a><\/div>\n<\/div>\n<\/div>\n<div class=\"grid-holder\">\n<div class=\"grid grid-desktop-50 grid-mobile-100\">\n<div class=\"holder button\"><a class=\"btn btn-large btn-full\" href=\" https:\/\/material.vedicpandits.org\/nl\/dutch-material\/\"> Nederlands <\/a><\/div>\n<\/div>\n<div class=\"grid grid-desktop-50 grid-mobile-100\">\n<div class=\"holder button\"><a class=\"btn btn-large btn-full \" href=\" https:\/\/material.vedicpandits.org\/tr\/turkish-material\/\"> T\u00fcrk\u00e7e <\/a><\/div>\n<\/div>\n<\/div>\n<div class=\"grid-holder\">\n<div class=\"grid grid-desktop-50 grid-mobile-100\">\n<div class=\"holder button\"><a class=\"btn btn-large btn-full\" href=\" https:\/\/material.vedicpandits.org\/ru\/russian-material\/\">  p\u0443\u0441\u0441\u043a\u0438\u0439 <\/a><\/div>\n<\/div>\n<div class=\"grid grid-desktop-50 grid-mobile-100\">\n<div class=\"holder button\"><a class=\"btn btn-large btn-full \" href=\" https:\/\/material.vedicpandits.org\/it\/italian-material\/\"> Italian <\/a><\/div>\n<\/div>\n<\/div>\n<div class=\"grid-holder\">\n<div class=\"grid grid-desktop-50 grid-mobile-100\">\n<div class=\"holder button\"><a class=\"btn btn-large btn-full\" href=\" https:\/\/material.vedicpandits.org\/sv\/swedish-material\/\"> svenska <\/a><\/div>\n<\/div>\n<div class=\"grid grid-desktop-50 grid-mobile-100\">\n<div class=\"holder button\"><a class=\"btn btn-large btn-full \" href=\" https:\/\/material.vedicpandits.org\/he\/hebrew-material\/\"> Hebrew <\/a><\/div>\n<\/div>\n<\/div>\n<div class=\"grid-holder\">\n<div class=\"grid grid-desktop-50 grid-mobile-100\">\n<div class=\"holder button\"><a class=\"btn btn-large btn-full\" href=\" https:\/\/material.vedicpandits.org\/sr\/serbian-material\/\"> Serbian <\/a><\/div>\n<\/div>\n<div class=\"grid grid-desktop-50 grid-mobile-100\">\n<div class=\"holder button\"><a class=\"btn btn-large btn-full\" href=\" https:\/\/material.vedicpandits.org\/pt-pt\/portuguese-material\/\/\"> Portuguese <\/a><\/div>\n<\/div>\n<\/div>\n<div class=\"grid-holder\">\n<div class=\"grid grid-desktop-50 grid-mobile-100\">\n<div class=\"holder button\"><a class=\"btn btn-large btn-full\" href=\"  https:\/\/material.vedicpandits.org\/ja\/japanese-material\/\"> \u65e5\u672c\u8a9e <\/a><\/div>\n<\/div>\n<div class=\"grid grid-desktop-50 grid-mobile-100\">\n<div class=\"holder button\"><a class=\"btn btn-large btn-full \" href=\" https:\/\/material.vedicpandits.org\/nb\/norwegian-material\/\"> Norsk <\/a><\/div>\n<\/div>\n<\/div>\n<div class=\"grid-holder\">\n<div class=\"grid grid-desktop-50 grid-mobile-100\">\n<div class=\"holder button\"><a class=\"btn btn-large btn-full \" href=\" https:\/\/material.vedicpandits.org\/hr\/croatian-material\/\"> hrvatski <\/a><\/div>\n<\/div>\n<div class=\"grid grid-desktop-50 grid-mobile-100\">\n<div class=\"holder button\"><a class=\"btn btn-large btn-full\" href=\"  https:\/\/material.vedicpandits.org\/other-languages\/\">Hindi, Chinese, Mongolian, Greek, Thai <\/a><\/div>\n<\/div>\n<\/div>\n<div class=\"grid-holder\">\n<div class=\"grid grid-desktop-50 grid-mobile-100\">\n<div class=\"holder button\"><a class=\"btn btn-large btn-full\" href=\" https:\/\/material.vedicpandits.org\/da\/danish-material\/\"> Dansk <\/a><\/div>\n<\/div>\n<div class=\"grid grid-desktop-50 grid-mobile-100\">\n<div class=\"holder button\"><a class=\"btn btn-large btn-full\" href=\" https:\/\/material.vedicpandits.org\/de\/german-material\/\">DEUTSCH<\/a><\/div>\n<\/div>\n<\/div>\n<div class=\"box-info\">\nDaha ayr\u0131nt\u0131l\u0131 bilgi almak veya K\u00fcresel Bar\u0131\u015f Giri\u015fimi icin g\u00f6n\u00fcll\u00fc bar\u0131\u015f el\u00e7isi olmak isterseniz <\/br>contact@vedicpandits.org adresinden l\u00fctfen bize ula\u015f\u0131n.<\/p>\n<p>&#8216;Dharmo rakshati rakshitah\u2019 \u2014 Manu Smriti. Maharishi, bu ebedi hayat bilgeli\u011fini \u015f\u00f6yle ifade etmektedir:<\/p>\n<p> &#8216;Dharma (do\u011fru eylem, do\u011fal g\u00f6rev) Dharma&#8217;y\u0131 destekleyen ki\u015fiyi destekler. Kim d\u00fczeni korursa d\u00fczen de onu korur.&#8217;\n<\/p><\/div>\n","protected":false},"excerpt":{"rendered":"<p>K\u00dcRESEL BARI\u015e G\u0130R\u0130\u015e\u0130M\u0130 \u0130LE \u0130LG\u0130L\u0130 B\u0130LG\u0130LER T\u00dcRK\u00c7E TANITIM DOSYALARI T\u00fcrk\u00e7e i\u00e7in a\u015fa\u011f\u0131daki ba\u011flant\u0131dan se\u00e7iniz. Bilgi i\u00e7erikli dosyalar pek \u00e7ok farkl\u0131 dillerde mevcuttur. Videolar, PowerPoint sunumlar ve Bro\u015f\u00fcrler, K\u00fcresel Bar\u0131\u015f Giri\u015fimini tan\u0131t\u0131m niteli\u011findedir ve Meditat\u00f6r, Sidha ve \u00d6\u011fretmenlerle payla\u015f\u0131labilir. English Lithuanian Fran\u00e7ais Espa\u00f1ol Nederlands T\u00fcrk\u00e7e p\u0443\u0441\u0441\u043a\u0438\u0439 Italian svenska Hebrew Serbian Portuguese \u65e5\u672c\u8a9e Norsk hrvatski Hindi, Chinese, [&hellip;]<\/p>\n","protected":false},"author":3,"featured_media":0,"parent":0,"menu_order":0,"comment_status":"open","ping_status":"closed","template":"template-home.php","meta":{"footnotes":""},"class_list":["post-3307","page","type-page","status-publish","hentry"],"aioseo_notices":[],"_links":{"self":[{"href":"https:\/\/material.vedicpandits.org\/tr\/wp-json\/wp\/v2\/pages\/3307","targetHints":{"allow":["GET"]}}],"collection":[{"href":"https:\/\/material.vedicpandits.org\/tr\/wp-json\/wp\/v2\/pages"}],"about":[{"href":"https:\/\/material.vedicpandits.org\/tr\/wp-json\/wp\/v2\/types\/page"}],"author":[{"embeddable":true,"href":"https:\/\/material.vedicpandits.org\/tr\/wp-json\/wp\/v2\/users\/3"}],"replies":[{"embeddable":true,"href":"https:\/\/material.vedicpandits.org\/tr\/wp-json\/wp\/v2\/comments?post=3307"}],"version-history":[{"count":25,"href":"https:\/\/material.vedicpandits.org\/tr\/wp-json\/wp\/v2\/pages\/3307\/revisions"}],"predecessor-version":[{"id":12981,"href":"https:\/\/material.vedicpandits.org\/tr\/wp-json\/wp\/v2\/pages\/3307\/revisions\/12981"}],"wp:attachment":[{"href":"https:\/\/material.vedicpandits.org\/tr\/wp-json\/wp\/v2\/media?parent=3307"}],"curies":[{"name":"wp","href":"https:\/\/api.w.org\/{rel}","templated":true}]}}